{"id":51,"date":"2025-01-31T00:57:08","date_gmt":"2025-01-30T23:57:08","guid":{"rendered":"http:\/\/karlafat.fr\/?page_id=51"},"modified":"2026-01-08T17:27:31","modified_gmt":"2026-01-08T16:27:31","slug":"curicul","status":"publish","type":"page","link":"https:\/\/karlafat.fr\/?page_id=51","title":{"rendered":"Curicul"},"content":{"rendered":"\n    \n    <section class=\"u-clearfix u-grey-90 u-section-2\" id=\"sec-3391\">\n      <div class=\"data-layout-selected u-clearfix u-layout-wrap u-layout-wrap-1\">\n        <div class=\"u-layout\">\n          <div class=\"u-layout-row\">\n            <div class=\"u-align-center u-container-align-center u-container-style u-layout-cell u-shape-rectangle u-size-36 u-layout-cell-1\">\n              <div class=\"u-container-layout u-container-layout-1\">\n                <p class=\"u-custom-font u-text u-text-1\"> Je suis Karl, un d\u00e9veloppeur passionn\u00e9 sp\u00e9cialis\u00e9 en d\u00e9veloppement web et applications. Fort d\u2019une solide exp\u00e9rience en Java, Spring Boot, Angular, React et Vue.js, je con\u00e7ois des solutions modernes, performantes et \u00e9volutives.<br>Toujours en qu\u00eate d\u2019innovation, je m\u2019investis pleinement dans chaque projet pour offrir des applications robustes et intuitives. \n                <\/p>\n              <\/div>\n            <\/div>\n            <div class=\"u-align-left u-container-align-left u-container-style u-image u-layout-cell u-shape-rectangle u-size-24 u-image-1\" data-image-width=\"897\" data-image-height=\"902\" style=\"background-image: url(&quot;https:\/\/karlafat.fr\/wp-content\/uploads\/2025\/02\/Imgkarlatolo8.png&quot;);\">\n              <div class=\"u-container-layout u-container-layout-2\"><\/div>\n            <\/div>\n          <\/div>\n        <\/div>\n      <\/div>\n      <div class=\"u-container-style u-group u-palette-3-base u-group-1\">\n        <div class=\"u-container-layout u-valign-middle-lg u-valign-middle-md u-valign-middle-sm u-valign-middle-xl u-container-layout-3\">\n          <h2 class=\"u-custom-font u-text u-text-body-alt-color u-text-2\">AFATOLO<br>Karl Steeve \n          <\/h2>\n        <\/div>\n      <\/div>\n    <\/section>\n    <section class=\"u-align-center-lg u-align-center-md u-align-center-xl u-align-left-sm u-align-left-xs u-clearfix u-gradient u-section-3\" id=\"carousel_0681\">\n      <div class=\"u-clearfix u-sheet u-sheet-1\">\n        <h2 class=\"u-align-center-xs u-custom-font u-text u-text-body-alt-color u-text-default u-text-1\" data-animation-name=\"customAnimationIn\" data-animation-duration=\"1500\" data-animation-delay=\"0\">Exp\u00e9riences<\/h2>\n        <div class=\"u-list u-list-1\">\n          <div class=\"u-repeater u-repeater-1\">\n            <div class=\"u-align-left u-container-align-left u-container-style u-list-item u-repeater-item\">\n              <div class=\"u-container-layout u-similar-container u-container-layout-1\">\n                <div class=\"u-border-2 u-border-white u-expanded-width u-line u-line-horizontal u-line-1\" data-animation-name=\"customAnimationIn\" data-animation-duration=\"1500\" data-animation-delay=\"250\"><\/div>\n                <p class=\"u-custom-font u-text u-text-palette-5-light-2 u-text-2\" data-animation-name=\"customAnimationIn\" data-animation-duration=\"1750\">Janvier 2025 \u2013 Decembre 2025<br>\n                  <br>\n                <\/p>\n                <div class=\"u-container-style u-expanded-width-sm u-expanded-width-xs u-group u-shape-rectangle u-group-1\" data-animation-name=\"customAnimationIn\" data-animation-duration=\"1500\" data-animation-delay=\"750\">\n                  <div class=\"u-container-layout u-container-layout-2\">\n                    <h5 class=\"u-custom-font u-text u-text-palette-3-base u-text-3\">D\u00e9veloppeur FullStack et \u200bData Analyste Ind\u00e9pendant<\/h5>\n                    <p class=\"u-align-left u-custom-font u-text u-text-palette-5-light-1 u-text-4\"> D\u00e9veloppement d\u2019application Web en Angular, VueJs et en JAVA Spring sur des projet.&nbsp;<br>\n                      <br>-R\u00e9alisation de site d\u2019E-commerce personnalis\u00e9 avec WordPress.<br>\n                      <br>-Mise en place de reporting SQL pour le suivi d\u2019activit\u00e9s (ventes, utilisateurs, performance des applications).<br>\n                      <br>-Cr\u00e9ation de premiers tableaux de bord Power BI (analyse des donn\u00e9es clients et indicateurs de performance).\n                    <\/p>\n                  <\/div>\n                <\/div>\n              <\/div>\n            <\/div>\n            <div class=\"u-align-left u-container-align-left u-container-style u-list-item u-repeater-item\">\n              <div class=\"u-container-layout u-similar-container u-container-layout-3\">\n                <div class=\"u-border-2 u-border-white u-expanded-width u-line u-line-horizontal u-line-2\" data-animation-name=\"customAnimationIn\" data-animation-duration=\"1500\" data-animation-delay=\"250\"><\/div>\n                <p class=\"u-custom-font u-text u-text-palette-5-light-2 u-text-5\" data-animation-name=\"customAnimationIn\" data-animation-duration=\"1750\"> Octobre 2022 \u2013 Novembre 2024<br>( 2 ans&nbsp; )\n                <\/p>\n                <div class=\"u-container-style u-expanded-width-sm u-expanded-width-xs u-group u-shape-rectangle u-group-2\" data-animation-name=\"customAnimationIn\" data-animation-duration=\"1500\" data-animation-delay=\"750\">\n                  <div class=\"u-container-layout u-container-layout-4\">\n                    <h5 class=\"u-custom-font u-text u-text-palette-3-base u-text-6\">Ing\u00e9nieur logiciel \u00e0 ACEKO sarl (Bron)<\/h5>\n                    <p class=\"u-align-left u-custom-font u-text u-text-palette-5-light-1 u-text-7\"> D\u00e9veloppement et int\u00e9gration d\u2019applications web en Angular, Vue.js, React.js et Java, dans le cadre de plusieurs missions pour divers projets.<br>\n                      <br>-R\u00e9daction de requ\u00eates SQL (Oracle\/PostgreSQL) pour l\u2019extraction et l\u2019analyse des donn\u00e9es<br>\n                      <br>&nbsp;-Conception et prototypage interactif d\u2019interfaces utilisateur avec Figma, garantissant une exp\u00e9rience fluide et intuitive.<br>\n                      <br> -Optimisation du code et mise en place de bonnes pratiques de d\u00e9veloppement pour assurer performance, maintenabilit\u00e9 et \u00e9volutivit\u00e9 des applications.<br>\n                      <br> -Participation \u00e0 la formation et \u00e0 l\u2019accompagnement des \u00e9quipes sur les m\u00e9thodologies de d\u00e9veloppement et les bonnes pratiques de codage.\n                    <\/p>\n                  <\/div>\n                <\/div>\n              <\/div>\n            <\/div>\n            <div class=\"u-align-left u-container-align-left u-container-style u-list-item u-repeater-item\">\n              <div class=\"u-container-layout u-similar-container u-container-layout-5\">\n                <div class=\"u-border-2 u-border-white u-expanded-width u-line u-line-horizontal u-line-3\" data-animation-name=\"customAnimationIn\" data-animation-duration=\"1500\" data-animation-delay=\"250\"><\/div>\n                <p class=\"u-custom-font u-text u-text-palette-5-light-2 u-text-8\" data-animation-name=\"customAnimationIn\" data-animation-duration=\"1750\"> Septembre 2021 - Aout 2022&nbsp;<br>( 1 ans&nbsp; )\n                <\/p>\n                <div class=\"u-container-style u-expanded-width-sm u-expanded-width-xs u-group u-shape-rectangle u-group-3\" data-animation-name=\"customAnimationIn\" data-animation-duration=\"1500\" data-animation-delay=\"750\">\n                  <div class=\"u-container-layout u-container-layout-6\">\n                    <h5 class=\"u-custom-font u-text u-text-palette-3-base u-text-9\">D\u00e9veloppeur Frontend&nbsp; \u00e0 NGTV EXPERIENCE (Saint Priest)<\/h5>\n                    <p class=\"u-align-left u-custom-font u-text u-text-palette-5-light-1 u-text-10\"> D\u00e9veloppement et d\u00e9ploiement d\u2019une application interne de gestion de parc informatique en Vue.js et Node.js, permettant d\u2019optimiser le suivi et la maintenance du mat\u00e9riel.<br>\n                      <br>-Participation \u00e0 l\u2019analyse des donn\u00e9es utilisateurs et cr\u00e9ation de rapports dynamiques sous Power BI pour appuyer les d\u00e9cisions produit.<br>\n                      <br> -D\u00e9veloppement de l\u2019API backend en Node.js, assurant une gestion efficace des donn\u00e9es et une communication optimale avec la base de donn\u00e9es.<br>\n                      <br> -D\u00e9ploiement et maintenance du parc informatique, incluant l\u2019installation et la configuration des \u00e9quipements pour garantir un environnement op\u00e9rationnel performant<br>\n                      <br>-Mise en place de tableaux de bord d\u00e9cisionnels avec Power BI pour le suivi du parc informatique&nbsp;.<br>\n                      <br> -Entra\u00eenement et am\u00e9lioration d\u2019un mod\u00e8le d\u2019IA d\u00e9di\u00e9 au suivi des joueurs sur le terrain, exploitant la technologie avanc\u00e9e de NGTV pour l\u2019analyse et le tracking en temps r\u00e9el.\n                    <\/p>\n                  <\/div>\n                <\/div>\n              <\/div>\n            <\/div>\n            <div class=\"u-align-left u-container-align-left u-container-style u-list-item u-repeater-item\">\n              <div class=\"u-container-layout u-similar-container u-container-layout-7\">\n                <div class=\"u-border-2 u-border-white u-expanded-width u-line u-line-horizontal u-line-4\" data-animation-name=\"customAnimationIn\" data-animation-duration=\"1500\" data-animation-delay=\"250\"><\/div>\n                <p class=\"u-custom-font u-text u-text-palette-5-light-2 u-text-11\" data-animation-name=\"customAnimationIn\" data-animation-duration=\"1750\"> Juillet 2020 - Juin 2021&nbsp;<br>( 1 Ans )\n                <\/p>\n                <div class=\"u-container-style u-expanded-width-sm u-expanded-width-xs u-group u-shape-rectangle u-group-4\" data-animation-name=\"customAnimationIn\" data-animation-duration=\"1500\" data-animation-delay=\"750\">\n                  <div class=\"u-container-layout u-container-layout-8\">\n                    <h5 class=\"u-custom-font u-text u-text-palette-3-base u-text-12\">D\u00e9veloppeur Frontend&nbsp; \u00e0 ALL-SOLUTION (TOGO)<\/h5>\n                    <p class=\"u-align-left u-custom-font u-text u-text-palette-5-light-1 u-text-13\"> Conception et d\u00e9veloppement d\u2019une application web de vote en ligne en Vue.js et Django, facilitant l\u2019interaction entre candidats et votants.<br>\n                      <br>-Analyse et mod\u00e9lisation des donn\u00e9es (sch\u00e9mas relationnels et structuration de la base MySQL\/Oracle).<br>\n                      <br>&nbsp;-Prototypage interactif de l\u2019application pour optimiser l\u2019exp\u00e9rience utilisateur et valider les parcours de navigation avant d\u00e9veloppement.<br>\n                      <br> -D\u00e9veloppement du frontend avec Vue.js, garantissant une interface moderne, r\u00e9active et intuitive.<br>\n                      <br> -Impl\u00e9mentation du backend en Django, assurant la gestion s\u00e9curis\u00e9e des votes et des interactions entre utilisateurs.<br>\n                      <br> -Mise en place d\u2019un syst\u00e8me d\u2019\u00e9change dynamique entre candidats et votants, favorisant une participation plus engageante et interactive.\n                    <\/p>\n                  <\/div>\n                <\/div>\n              <\/div>\n            <\/div>\n            <div class=\"u-align-left u-container-align-left u-container-style u-list-item u-repeater-item\">\n              <div class=\"u-container-layout u-similar-container u-container-layout-9\">\n                <div class=\"u-border-2 u-border-white u-expanded-width u-line u-line-horizontal u-line-5\" data-animation-name=\"customAnimationIn\" data-animation-duration=\"1500\" data-animation-delay=\"250\"><\/div>\n                <p class=\"u-custom-font u-text u-text-palette-5-light-2 u-text-14\" data-animation-name=\"customAnimationIn\" data-animation-duration=\"1750\"> Janvier 2020 - Juin 2020&nbsp;<br>( 6 mois ) \n                <\/p>\n                <div class=\"u-container-style u-expanded-width-sm u-expanded-width-xs u-group u-shape-rectangle u-group-5\" data-animation-name=\"customAnimationIn\" data-animation-duration=\"1500\" data-animation-delay=\"750\">\n                  <div class=\"u-container-layout u-container-layout-10\">\n                    <h5 class=\"u-custom-font u-text u-text-palette-3-base u-text-15\">D\u00e9veloppeur FullStack au CETEF TOGO<\/h5>\n                    <p class=\"u-align-left u-custom-font u-text u-text-palette-5-light-1 u-text-16\"> Conception et d\u00e9veloppement d\u2019une application web interactive en Laravel, facilitant les \u00e9changes et interactions avec les clients du CETEF.<br>\n                      <br> -Analyse des besoins et mod\u00e9lisation des fonctionnalit\u00e9s pour une meilleure ad\u00e9quation aux attentes des utilisateurs.<br>\n                      <br> -Prototypage et maquettage interactif avec Adobe XD, assurant une ergonomie optimis\u00e9e avant le d\u00e9veloppement.<br>\n                      <br> -D\u00e9veloppement du backend avec Laravel, garantissant une gestion efficace des donn\u00e9es et des interactions clients.<br>\n                      <br> -Mise en place d\u2019une interface utilisateur dynamique, am\u00e9liorant l\u2019exp\u00e9rience des clients gr\u00e2ce \u00e0 des fonctionnalit\u00e9s intuitives et interactives.<br>\n                      <br>-Analyse et mod\u00e9lisation des donn\u00e9es (sch\u00e9mas relationnels et structuration de la base MySQL\/Oracle).<br>\n                      <br>\n                    <\/p>\n                  <\/div>\n                <\/div>\n              <\/div>\n            <\/div>\n          <\/div>\n        <\/div>\n        <a href=\"https:\/\/karlafat.fr\/#carousel_87cc\" class=\"u-active-white u-border-none u-btn u-btn-round u-button-style u-custom-font u-hover-palette-1-base u-palette-3-base u-radius-8 u-text-active-grey-80 u-text-body-alt-color u-text-hover-grey-80 u-btn-1\" data-animation-name=\"customAnimationIn\" data-animation-duration=\"1750\" data-animation-delay=\"750\">Contactez moi<\/a>\n        <a href=\"https:\/\/karlafat.fr\/wp-content\/uploads\/2025\/11\/CVAFATOLODeveloppeurFullstack.pdf\" class=\"u-active-white u-border-none u-btn u-btn-round u-button-style u-custom-font u-file-link u-hover-palette-3-base u-palette-1-base u-radius-8 u-text-active-grey-80 u-text-body-alt-color u-text-hover-grey-80 u-btn-2\" data-animation-name=\"customAnimationIn\" data-animation-duration=\"1750\" data-animation-delay=\"750\" target=\"_blank\">T\u00e9l\u00e9charger mon CV <\/a>\n      <\/div>\n    <\/section>\n    <section class=\"u-align-center u-clearfix u-container-align-center u-container-align-center-md u-container-align-center-sm u-container-align-center-xs u-gradient u-section-4\" src=\"\" id=\"carousel_c9e4\">\n      <div class=\"u-clearfix u-sheet u-sheet-1\">\n        <div class=\"u-container-style u-expanded-width-md u-expanded-width-sm u-expanded-width-xs u-group u-shape-rectangle u-group-1\">\n          <div class=\"u-container-layout u-valign-bottom-lg u-valign-bottom-xl u-container-layout-1\">\n            <h3 class=\"u-align-center-md u-align-center-sm u-align-center-xs u-align-left-lg u-align-left-xl u-text u-text-body-alt-color u-text-1\" data-animation-name=\"customAnimationIn\" data-animation-duration=\"1750\" data-animation-delay=\"0\"> \u00c0 propos de moi<\/h3>\n            <p class=\"u-align-center-md u-align-center-sm u-align-center-xs u-align-left-lg u-align-left-xl u-custom-font u-text u-text-body-alt-color u-text-2\" data-animation-name=\"customAnimationIn\" data-animation-duration=\"1500\" data-animation-delay=\"500\"> D\u00e9veloppeur web et logiciel, j\u2019ai acquis une expertise dans le d\u00e9veloppement back-end et front-end au travers de plusieurs projets professionnels et personnels. Je ma\u00eetrise des technologies vari\u00e9es telles que Java, Spring Boot, Angular, React, Vue.js et Node.js, et je suis toujours curieux d\u2019explorer de nouvelles approches et m\u00e9thodologies de d\u00e9veloppement.J\u2019ai travaill\u00e9 sur des projets de gestion de donn\u00e9es, d\u2019interfaces interactives et d\u2019optimisation de processus m\u00e9tier, en mettant un point d\u2019honneur \u00e0 livrer un code propre et maintenable.<br style=\"\">\n            <\/p>\n            <a href=\"https:\/\/karlafat.fr\/#carousel_87cc\" class=\"u-active-white u-align-center-md u-align-center-sm u-align-center-xs u-align-left-lg u-align-left-xl u-border-none u-btn u-btn-round u-button-style u-custom-font u-hover-palette-1-base u-palette-3-base u-radius-8 u-text-active-grey-80 u-text-body-alt-color u-text-hover-grey-80 u-btn-1\" data-animation-name=\"customAnimationIn\" data-animation-duration=\"1750\" data-animation-delay=\"750\">Contactez moi<\/a>\n          <\/div>\n        <\/div>\n        <div class=\"u-expanded-width-md u-expanded-width-sm u-expanded-width-xs u-list u-list-1\">\n          <div class=\"u-repeater u-repeater-1\">\n            <div class=\"u-align-center u-container-align-center u-container-style u-list-item u-repeater-item u-shape-rectangle\">\n              <div class=\"u-container-layout u-similar-container u-container-layout-2\">\n                <div class=\"u-container-align-center u-container-style u-group u-palette-3-base u-shape-circle u-group-2\" data-animation-name=\"customAnimationIn\" data-animation-duration=\"1500\" data-animation-delay=\"500\">\n                  <div class=\"u-container-layout u-valign-middle\">\n                    <h3 class=\"u-align-center u-custom-font u-hover-feature u-text u-text-default u-text-3\" data-animation-name=\"counter\" data-animation-event=\"scroll\" data-animation-duration=\"3000\">80%<\/h3>\n                  <\/div>\n                <\/div>\n                <h5 class=\"u-align-center u-custom-font u-text u-text-body-alt-color u-text-default u-text-4\"> HTML5 CSS et Js<\/h5>\n              <\/div>\n            <\/div>\n            <div class=\"u-align-center u-container-align-center u-container-style u-list-item u-repeater-item u-shape-rectangle\">\n              <div class=\"u-container-layout u-similar-container u-container-layout-4\">\n                <div class=\"u-container-align-center u-container-style u-group u-palette-3-base u-shape-circle u-group-3\" data-animation-name=\"customAnimationIn\" data-animation-duration=\"1500\" data-animation-delay=\"500\">\n                  <div class=\"u-container-layout u-valign-middle\">\n                    <h3 class=\"u-align-center u-custom-font u-hover-feature u-text u-text-default u-text-5\" data-animation-name=\"counter\" data-animation-event=\"scroll\" data-animation-duration=\"3000\">75%<\/h3>\n                  <\/div>\n                <\/div>\n                <h5 class=\"u-align-center u-custom-font u-text u-text-body-alt-color u-text-default u-text-6\">cr\u00e9ation de sites web<\/h5>\n              <\/div>\n            <\/div>\n            <div class=\"u-align-center u-container-align-center u-container-style u-list-item u-repeater-item u-shape-rectangle\">\n              <div class=\"u-container-layout u-similar-container u-container-layout-6\">\n                <div class=\"u-container-align-center u-container-style u-group u-palette-3-base u-shape-circle u-group-4\" data-animation-name=\"customAnimationIn\" data-animation-duration=\"1500\" data-animation-delay=\"500\">\n                  <div class=\"u-container-layout u-valign-middle\">\n                    <h3 class=\"u-align-center u-custom-font u-hover-feature u-text u-text-default u-text-7\" data-animation-name=\"counter\" data-animation-event=\"scroll\" data-animation-duration=\"3000\">80%<\/h3>\n                  <\/div>\n                <\/div>\n                <h5 class=\"u-align-center u-custom-font u-text u-text-body-alt-color u-text-default u-text-8\">Java<\/h5>\n              <\/div>\n            <\/div>\n            <div class=\"u-align-center u-container-align-center u-container-style u-list-item u-repeater-item u-shape-rectangle\">\n              <div class=\"u-container-layout u-similar-container u-container-layout-8\">\n                <div class=\"u-container-align-center u-container-style u-group u-palette-3-base u-shape-circle u-group-5\" data-animation-name=\"customAnimationIn\" data-animation-duration=\"1500\" data-animation-delay=\"500\">\n                  <div class=\"u-container-layout u-valign-middle\">\n                    <h3 class=\"u-align-center u-custom-font u-hover-feature u-text u-text-default u-text-9\" data-animation-name=\"counter\" data-animation-event=\"scroll\" data-animation-duration=\"3000\">55%<\/h3>\n                  <\/div>\n                <\/div>\n                <h5 class=\"u-align-center u-custom-font u-text u-text-body-alt-color u-text-default u-text-10\">DATA Analyste <\/h5>\n              <\/div>\n            <\/div>\n          <\/div>\n        <\/div>\n      <\/div>\n      \n      \n      \n      \n    <\/section>\n    <section class=\"u-align-center u-clearfix u-container-align-center u-gradient u-section-5\" id=\"sec-5708\">\n      <div class=\"u-clearfix u-sheet u-sheet-1\">\n        <div class=\"data-layout-selected u-clearfix u-gutter-50 u-layout-wrap u-layout-wrap-1\">\n          <div class=\"u-layout\">\n            <div class=\"u-layout-col\">\n              <div class=\"u-size-20\">\n                <div class=\"u-layout-row\">\n                  <div class=\"u-align-center u-container-align-center u-container-style u-layout-cell u-size-30 u-layout-cell-1\">\n                    <div class=\"u-container-layout u-valign-bottom u-container-layout-1\">\n                      <h2 class=\"u-custom-font u-text u-text-body-alt-color u-text-1\">2022-2024<\/h2>\n                      <h6 class=\"u-custom-font u-text u-text-white u-text-2\">Estiam Lyon<\/h6>\n                    <\/div>\n                  <\/div>\n                  <div class=\"u-align-center-xs u-container-style u-layout-cell u-palette-3-base u-size-30 u-layout-cell-2\">\n                    <div class=\"u-container-layout u-valign-middle u-container-layout-2\">\n                      <p class=\"u-custom-font u-text u-text-default u-text-3\"> Master en d\u00e9veloppement d'application et Chef de projet<\/p>\n                    <\/div>\n                  <\/div>\n                <\/div>\n              <\/div>\n              <div class=\"u-size-20\">\n                <div class=\"u-layout-row\">\n                  <div class=\"u-align-center u-container-align-center u-container-style u-layout-cell u-size-30 u-layout-cell-3\">\n                    <div class=\"u-container-layout u-valign-top-xs u-container-layout-3\">\n                      <h2 class=\"u-custom-font u-text u-text-white u-text-4\">2021-2022 <\/h2>\n                      <h6 class=\"u-custom-font u-text u-text-white u-text-5\"> ESTIAM Lyon<\/h6>\n                    <\/div>\n                  <\/div>\n                  <div class=\"u-align-center-xs u-container-style u-layout-cell u-size-30 u-white u-layout-cell-4\">\n                    <div class=\"u-container-layout u-valign-middle u-container-layout-4\">\n                      <p class=\"u-custom-font u-text u-text-default u-text-6\"> L<span class=\"u-text-body-color\"><\/span>icence en d\u00e9veloppement d'application et big data \n                      <\/p>\n                    <\/div>\n                  <\/div>\n                <\/div>\n              <\/div>\n              <div class=\"u-size-20\">\n                <div class=\"u-layout-row\">\n                  <div class=\"u-align-center u-container-align-center u-container-style u-layout-cell u-size-30 u-layout-cell-5\">\n                    <div class=\"u-container-layout u-container-layout-5\">\n                      <h2 class=\"u-custom-font u-text u-text-white u-text-7\">2018-2021<\/h2>\n                      <h6 class=\"u-custom-font u-text u-text-white u-text-8\"> Institut Africain d'informatique (IAI-TOGO)<\/h6>\n                    <\/div>\n                  <\/div>\n                  <div class=\"u-align-center-xs u-container-style u-grey-5 u-layout-cell u-size-30 u-layout-cell-6\">\n                    <div class=\"u-container-layout u-valign-middle u-container-layout-6\">\n                      <p class=\"u-custom-font u-text u-text-default u-text-9\"> Licence Professionnelle en informatique d\u00e9cisionnelle et en d\u00e9veloppement d'application.<\/p>\n                    <\/div>\n                  <\/div>\n                <\/div>\n              <\/div>\n            <\/div>\n          <\/div>\n        <\/div>\n      <\/div>\n    <\/section>\n    \n    \n    \n  \n","protected":false},"excerpt":{"rendered":"<p>Je suis Karl, un d\u00e9veloppeur passionn\u00e9 sp\u00e9cialis\u00e9 en d\u00e9veloppement web et applications. Fort d\u2019une solide exp\u00e9rience en Java, Spring Boot, Angular, React et Vue.js, je con\u00e7ois des solutions modernes, performantes et \u00e9volutives.Toujours en qu\u00eate d\u2019innovation, je m\u2019investis pleinement dans chaque projet pour offrir des applications robustes et intuitives. AFATOLOKarl Steeve Exp\u00e9riences Janvier 2025 \u2013 Decembre &hellip; <a href=\"https:\/\/karlafat.fr\/?page_id=51\" class=\"more-link\">Continue reading<span class=\"screen-reader-text\"> &#8220;Curicul&#8221;<\/span><\/a><\/p>\n","protected":false},"author":1,"featured_media":0,"parent":0,"menu_order":1,"comment_status":"closed","ping_status":"closed","template":"","meta":{"footnotes":""},"class_list":["post-51","page","type-page","status-publish","hentry"],"_links":{"self":[{"href":"https:\/\/karlafat.fr\/index.php?rest_route=\/wp\/v2\/pages\/51","targetHints":{"allow":["GET"]}}],"collection":[{"href":"https:\/\/karlafat.fr\/index.php?rest_route=\/wp\/v2\/pages"}],"about":[{"href":"https:\/\/karlafat.fr\/index.php?rest_route=\/wp\/v2\/types\/page"}],"author":[{"embeddable":true,"href":"https:\/\/karlafat.fr\/index.php?rest_route=\/wp\/v2\/users\/1"}],"replies":[{"embeddable":true,"href":"https:\/\/karlafat.fr\/index.php?rest_route=%2Fwp%2Fv2%2Fcomments&post=51"}],"version-history":[{"count":15,"href":"https:\/\/karlafat.fr\/index.php?rest_route=\/wp\/v2\/pages\/51\/revisions"}],"predecessor-version":[{"id":139,"href":"https:\/\/karlafat.fr\/index.php?rest_route=\/wp\/v2\/pages\/51\/revisions\/139"}],"wp:attachment":[{"href":"https:\/\/karlafat.fr\/index.php?rest_route=%2Fwp%2Fv2%2Fmedia&parent=51"}],"curies":[{"name":"wp","href":"https:\/\/api.w.org\/{rel}","templated":true}]}}